{"id":977,"date":"2020-02-12T13:17:15","date_gmt":"2020-02-12T12:17:15","guid":{"rendered":"http:\/\/haw2.nsk.hr\/?page_id=977"},"modified":"2021-05-28T12:56:55","modified_gmt":"2021-05-28T10:56:55","slug":"bibliography","status":"publish","type":"page","link":"https:\/\/haw.nsk.hr\/en\/bibliography\/","title":{"rendered":"Bibliography"},"content":{"rendered":"<strong>Bibliography comprises works created after 2000, relevant to the processing of Croatian web resources.<\/strong>\n\n<strong>\u00a0<\/strong>\n\n<strong>2018.<\/strong>\n\n<em>Pigac, Sonja; Rudomino, Ingeborg.<\/em>\u00a0Serijska gra\u0111a u Hrvatskom arhivu weba s posebnim osvrtom na znanstvene i stru\u010dne \u010dasopise. \/\/ Seminar Arhivi, knji\u017enice i muzeji : mogu\u0107nosti suradnje u okru\u017eenju globalne informacijske infrastrukture 21(2018). Str. 269-287. [stru\u010dni rad]\n\n<em>Klarin Zadravec, Sofija ; Holub, Karolina.<\/em>\u00a0Upravljanje digitalnim sadr\u017eajem : mogu\u0107nosti implementacije PREMIS-a u dokumentiranju postupaka za\u0161tite. \/\/ Seminar Arhivi, knji\u017enice, muzeji : mogu\u0107nosti suradnje u okru\u017eenju globalne informacijske infrastrukture 21(2018). Str. 247-267. [pregledni rad]\n\n<strong>2017.<\/strong>\n\n<em>Holub, Karolina; Ingeborg, Rudomino.<\/em>\u00a0Hrvatski arhiv weba \u2013 trinaest godina poslije. \/\/ @rhivi, 2(2017). Str. 28-29.\n\n<strong>2016.<\/strong>\n\n<em>Pigac, Sonja; Ingeborg, Rudomino.<\/em>\u00a0Trajna pohrana digitalnih novina : primjeri dobre prakse. \/\/ 19. seminar Arhivi, knji\u017enice, muzeji: mogu\u0107nosti suradnje u okru\u017eenju globalne informacijske infrastrukture, zbornik radova \/ urednice Vesna Hodak, Alisa Martek, Renata Petru\u0161i\u0107. Zagreb : Hrvatsko knji\u017eni\u010darsko dru\u0161tvo, 2016. Str. 103-119.\n\n<strong>2015.<\/strong>\n\n<em>Holub, Karolina ; Rudomino, Ingeborg.<\/em>\u00a0A decade of web archiving in the National and University Library in Zagreb. \/\/ IFLA WLIC 2015. Pristup:\u00a0<a href=\"http:\/\/library.ifla.org\/1092\/1\/090-holub-en.pdf\" target=\"_blank\" rel=\"noopener\">http:\/\/library.ifla.org\/1092\/1\/090-holub-en.pdf<\/a>\n\n<em>Holub, Karolina ; Rudomino, Ingeborg.<\/em>\u00a0Arhiviranje weba u Nacionalnoj i sveu\u010dili\u0161noj knji\u017enici u Zagrebu. \/\/ Bosniaca. God. 19, br. 19 \/ glavni i odgovorni urednik Ismet Ov\u010dina. Sarajevo, Nacionalna i univerzitetska biblioteka Bosne i Hercegovine, 2015. Str. 34-39\n\n<em>Buzina, Tanja.<\/em>\u00a0Hrvatski arhiv weba : objavljivanje na webu i arhiviranje weba. \/\/ Pogled u muzejsko elektroni\u010dko nakladni\u0161tvo \/ urednica Snje\u017eana Radovanlija Mileusni\u0107. Zagreb : Muzejski dokumentacijski centar, 2015. Str. 28-36.\n\n<strong>2014.<\/strong>\n\n<em>Holub, Karolina ; Rudomino, Ingeborg.<\/em>\u00a0Croatian Web Archive : an overview. \/\/ Review of the National Center for Digitization, br. 25(2014), 11-16. Pristup:\u00a0<a href=\"http:\/\/elib.mi.sanu.ac.rs\/files\/journals\/ncd\/25\/ncd25011.pdf\" target=\"_blank\" rel=\"noopener\">http:\/\/elib.mi.sanu.ac.rs\/files\/journals\/ncd\/25\/ncd25011.pdf<\/a>\n\n<strong>2013.<\/strong>\n\n<em>Holub, Karolina; Rudomino Ingeborg.<\/em>\u00a0Integriraju\u0107a mre\u017ena gra\u0111a u Objedinjenom izdanju ISBD-a. \/\/ 16. seminar Arhivi, knji\u017enice i muzeji: mogu\u0107nosti suradnje u okru\u017eenju globalne informacijske infrastrukture: zbornik radova \/ uredili Nives Toma\u0161evi\u0107 i Ivona Despot. Zagreb: Hrvatsko knji\u017eni\u010darsko dru\u0161tvo, 2013. Str.188-201.\n\n<strong>2012.<\/strong>\n\n<em>Buzina, Tanja.<\/em>\u00a0Harvestiranje hrvatskoga internetskog prostora: iskustva i rezultati. \/\/ 15. seminar Arhivi, knji\u017enice i muzeji: mogu\u0107nosti suradnje u okru\u017eenju globalne informacijske infrastrukture: zbornik radova \/ uredili Damir Hasenay i Maja Krtali\u0107. Zagreb: Hrvatsko knji\u017eni\u010darsko dru\u0161tvo, 2012. Str. 136-143.\n\n<em>Celjak, Dra\u017eenko; Milinovi\u0107, Miroslav.<\/em>\u00a0Harvestiranje hrvatskoga weba: arhitektura programskoga sustava za harvestiranje i iskustva ste\u010dena njegovom upotrebom. \/\/ 15. seminar Arhivi, knji\u017enice i muzeji: mogu\u0107nosti suradnje u okru\u017eenju globalne informacijske infrastrukture: zbornik radova \/ uredili Damir Hasenay i Maja Krtali\u0107. Zagreb: Hrvatsko knji\u017eni\u010darsko dru\u0161tvo, 2012. Str. 144-160\n\n<strong>2011.<\/strong>\n\n<em>Buzina, Tanja; Holub, Karolina.\u00a0<\/em>\u00a0Mre\u017ena gra\u0111a : upute za katalogizaciju u bibliografskom formatu MARC 21, izdanje 1999., 12. verzija dopuna. Zagreb: Nacionalna i sveu\u010dili\u0161na knji\u017enica, 2011.\u00a0 Pristup:\u00a0http:\/\/haw.nsk.hr\/upute_za_katalogizaciju\n\n<em>Getliher, Danijela; Holub, Karolina; Rudomino, Ingeborg.<\/em>\u00a0\u017divotni vijek i promjenjivost gra\u0111e Hrvatskoga arhiva weba. \/\/ 14. seminar Arhivi, knji\u017enice i muzeji: mogu\u0107nosti suradnje u okru\u017eenju globalne informacijske infrastrukture: zbornik radova \/ uredili Sanja Faletar Tanackovi\u0107 i Damir Hasenay. Zagreb: Hrvatsko knji\u017eni\u010darsko dru\u0161tvo, 2011. Str. 137-150.\n\n<em>Holub, Karolina; Rudomino, Ingeborg.<\/em>\u00a0Nakladnici mre\u017enih publikacija i Digitalni arhiv hrvatskih mre\u017enih publikacija: istra\u017eivanje. \/\/ Vjesnik bibliotekara Hrvatske 54, 3(2011),68-78.\n\n<em>Rudomino, Ingeborg; Celjak, Dra\u017eenko.<\/em>\u00a0Novi identitet Digitalnog arhiva hrvatskih mre\u017enih publikacija. \/\/ 14. seminar Arhivi, knji\u017enice i muzeji: mogu\u0107nosti suradnje u okru\u017eenju globalne informacijske infrastrukture: zbornik radova \/ uredili Sanja Faletar Tanackovi\u0107 i Damir Hasenay. Zagreb: Hrvatsko knji\u017eni\u010darsko dru\u0161tvo, 2011. Str. 251-258.\n\n<strong>2010<\/strong>.\n\n<em>Holub, Karolina; Pigac Ljubi, Sonja; Rudomino, Ingeborg.<\/em>\u00a0Kvalitativna i kvantitativna analiza Digitalnog arhiva hrvatskih mre\u017enih publikacija \/\/ 13. seminar Arhivi, knji\u017enice, muzeji : mogu\u0107nosti suradnje u okru\u017eenju globalne informacijske infrastrukture: zbornik radova \/ uredile Mirna Willer i Sanjica Faletar Tanackovi\u0107. Zagreb : Hrvatsko knji\u017eni\u010darsko dru\u0161tvo, 2010. Str. 244-259.\n\n<em>Pigac Ljubi, Sonja.<\/em>\u00a0Arhiviranje hrvatske mre\u017ene gra\u0111e : magistarski rad. Zagreb: Filozofski fakultet, 2010.\n\n<strong>2009<\/strong>.\n\n<em>Buzina, Tanja.<\/em>\u00a0Arhiviranje mre\u017enih sadr\u017eaja kod \u010dlanica IIPC konzorcija: stanje i aktivnosti. \/\/\u00a0 12. seminar Arhivi, knji\u017enice, muzeji: mogu\u0107nosti suradnje u okru\u017eenju globalne informacijske infrastrukture: zbornik radova \/ uredila Sanjica Faletar Tanackovi\u0107. Zagreb: Hrvatsko knji\u017eni\u010darsko dru\u0161tvo, 2009. Str. 203-211.\n\n<em>Getliher, Danijela.<\/em>\u00a0Hrvatska mre\u017ena neome\u0111ena gra\u0111a: magistarski rad. Zagreb: Filozofski fakultet, 2009.\n\n<em>Holub, Karolina; Pigac Ljubi, Sonja; Rudomino, Ingeborg.<\/em>\u00a0Vrednovanje digitalnog arhiva Nacionalne i sveu\u010dili\u0161ne knji\u017enice prema dokumentu Trustworthy Repositories Audit &amp; Certification: Criteria and Checklist (TRAC): jesmo li pouzdani ili kako to postati? \/\/ 12. seminar Arhivi, knji\u017enice, muzeji: mogu\u0107nosti suradnje u okru\u017eenju globalne informacijske infrastrukture: zbornik radova \/ uredila Sanjica Faletar Tanackovi\u0107. Zagreb: Hrvatsko knji\u017eni\u010darsko dru\u0161tvo, 2009. Str. 41-51.\n\n<strong>2008.<\/strong>\n\n<em>Buzina, Tanja; \u00a0Holub, Karolina.<\/em>\u00a0Mre\u017ene stranice digitalnog arhiva hrvatskih mre\u017enih publikacija: istra\u017eivanje kori\u0161tenja . \/\/\u00a0 11. seminar Arhivi, knji\u017enice, muzeji: mogu\u0107nosti suradnje u okru\u017eenju globalne informacijske infrastrukture: zbornik radova \/ uredila Mirna Willer. Zagreb: Hrvatsko knji\u017eni\u010darsko dru\u0161tvo, 2008. Str. 113-127.\n\n<em>Buzina, Tanja ; Willer, Mirna.<\/em>\u00a0Croatian digital Web archive:\u00a0 from project to service of the National and Univeristy Library in Zagreb. \/\/ Digitalia: rivista del digitale nei beni culturali. No. 2 (Dicembre 2007). Str. 20-34.\n\n<em>Getliher, Danijela.<\/em>\u00a0Svojstva hrvatske mre\u017ene neome\u0111ene gra\u0111e: trajnost i promjenjivost. \/\/ 11. seminar Arhivi, knji\u017enice,\u00a0 muzeji: zbornik radova \/ uredila:\u00a0 Mirna Willer. Zagreb: Hrvatsko knji\u017eni\u010darsko dru\u0161tvo, 2008. Str. 128-141.\n\n<em>Vrbanc, Tomica.<\/em>\u00a0Obvezni primjerak mre\u017enih publikacija: hrvatska legislativa i metoda arhiviranja \/\/\u00a0INFuture2007 \u2013 Digital Information and Heritage \/ [1. me\u0111unarodna znanstvena konferencija \u201cThe Future of Information Sciences: INFuture2007 \u2013 Digital Information and Heritage\u201d, Zagreb, 7.-9. studenoga 2007.] ; uredili Sanja Seljan i Hrvoje Stan\u010di\u0107. Zagreb: Odsjek za informacijske znanosti, Filozofski fakultet, 2007. Str. 255-266.\n\n<em>Willer, Mirna.<\/em>\u00a0Arhiviranje hrvatskih mre\u017enih publikacija: od projekta do programa arhiviranja u Nacionalnoj i sveu\u010dili\u0161noj knji\u017enici u Zagrebu (NSK). \/\/ Bosniaca: \u010dasopis Nacionalne i univerzitetske biblioteke Bosne i hercegovine 12, 12(decembar 2007), 36-42.\n\n<em>Willer, Mirna; Buzina, Tanja; Holub, Karolina; Zajec, Jasenka; Milinovi\u0107, Miroslav; Topol\u0161\u010dak, Neboj\u0161a.<\/em>\u00a0Selective archiving of web resources: a study of processing costs. \/\/ Program: electronic library and information systems. 4,42(2008), Str. 341-364.\n\n<strong>2007.<\/strong>\n\n<em>Buzina, Tanja.<\/em>\u00a0Mre\u017ena gra\u0111a i hrvatski nacionalni pravilnik za katalo\u017eni opis \/\/ Me\u0111unarodni skup u \u010dast 100-te godi\u0161njice ro\u0111enja Eve Verona: zbornik radova \/ uredile Mirna Willer i Ana Barbari\u0107. Zagreb: Hrvatsko knji\u017eni\u010darsko dru\u0161tvo, 2007. Str. 227-233.\n\n<em>Vrbanc, Tomica.<\/em>\u00a0Izbor autorskih odrednica za ome\u0111enu mre\u017enu gra\u0111u. \/\/ Me\u0111unarodni skup u \u010dast 100-te godi\u0161njice ro\u0111enja Eve Verona: zbornik radova \/ uredile Mirna Willer i Ana Barbari\u0107. Zagreb: Hrvatsko knji\u017eni\u010darsko dru\u0161tvo, 2007. Str. 191-205.\n\n<em>Zajec, Jasenka.<\/em>\u00a0Kako identificirati i katalogizirati nove vrste neome\u0111ene gra\u0111e. \/\/ Me\u0111unarodni skup u \u010dast 100-te godi\u0161njice ro\u0111enja Eve Verona: zbornik radova \/ uredile Mirna Willer i Ana Barbari\u0107. Zagreb: Hrvatsko knji\u017eni\u010darsko dru\u0161tvo, 2007. Str. 217-225.\n\n<strong>2006.<\/strong>\n\n<em>Milinovi\u0107, Miroslav; Topol\u0161\u0107ak, Neboj\u0161a.<\/em>\u00a0DAMP II: Digitalni arhiv mre\u017enih publikacija: nova funkcionalnost \u2013 novi planovi. \/\/ 9. seminar Arhivi, knji\u017enice, muzeji: mogu\u0107nosti suradnje u okru\u017eenju globalne informacijske infrastrukture: zbornik radova \/ uredile Mirna Willer i Ivana Zeni\u0107. Zagreb: Hrvatsko knji\u017eni\u010darsko dru\u0161tvo, 2006. Str. 40-55.\n\n<em>Pigac, Sonja; Buzina,<\/em>\u00a0Tanja. Selektivno arhiviranje hrvatskog weba: rezultati i otvorena pitanja \/\/ 9. seminar Arhivi, knji\u017enice, muzeji: mogu\u0107nosti suradnje u okru\u017eenju globalne informacijske infrastrukture: zbornik radova \/ uredile Mirna Willer i Ivana Zeni\u0107. Zagreb: Hrvatsko knji\u017eni\u010darsko dru\u0161tvo, 2006. Str. 28-39.\n\n<strong>2005.<\/strong>\n\n<em>Buzina, Tanja.<\/em>\u00a0Digitalni arhiv mre\u017enih publikacija: na\u010din prikupljanja i kriteriji odabira gra\u0111e \/\/ 8. seminar Arhivi, knji\u017enice, muzeji: mogu\u0107nosti suradnje u okru\u017eenju globalne informacijske infrastrukture: zbornik radova \/ uredila Tinka Kati\u0107. Zagreb: Hrvatsko knji\u017eni\u010darsko dru\u0161tvo, 2005. Str. 54-60.\n\n<em>Klarin, Sofija.<\/em>\u00a0Predmet, motivi i metode arhiviranja sadr\u017eaja weba \/\/ 8. seminar Arhivi, knji\u017enice, muzeji: mogu\u0107nosti suradnje u okru\u017eenju globalne informacijske infrastrukture: zbornik radova \/ uredila Tinka Kati\u0107. Zagreb: Hrvatsko knji\u017eni\u010darsko dru\u0161tvo, 2005. Str. 22-35.\n\n<em>Milinovi\u0107, Miroslav; Topol\u0161\u010dak, Neboj\u0161a.<\/em>\u00a0The architecture of DAMP. \/\/ Widwisawn, vol. 3, no. 3, 2005.\u00a0 Pristup:\u00a0http:\/\/widwisawn.cdlr.strath.ac.uk\/Issues\/Vol3\/issue3_3_1.html&gt;\n\n<em>Pigac, Sonja.<\/em>\u00a0Digitalni arhiv mre\u017enih publikacija: rad u sustavu za preuzimanje i arhiviranje obveznog primjerka hrvatskih mre\u017enih publikacija \/\/ 8. seminar Arhivi, knji\u017enice, muzeji: mogu\u0107nosti suradnje u okru\u017eenju globalne informacijske infrastrukture: zbornik radova \/ uredila Tinka Kati\u0107. Zagreb: Hrvatsko knji\u017eni\u010darsko dru\u0161tvo, 2005. Str. 61-67.\n\n<em>Willer, Mirna; Milinovi\u0107, Miroslav.<\/em>\u00a0DAMP: sustav za preuzimanje i arhiviranje obveznog primjerka hrvatskih mre\u017enih publikacija \/\/ Tehni\u010dni in vsebinski problemi klasi\u010dnega in elektronskega arhiviranja: 4. zbornik referatov dopolnilnega izobra\u017eevanja s podro\u010dij arhivistike, dokumentalistike in informatike v Radencih od 6. aprila do 8. aprila 2005. Maribor: Pokrajinski arhiv Maribor, 2005. Str. 491-500.\n\n<em>Willer, Mirna; Milinovi\u0107, Miroslav.<\/em>\u00a0Prema tre\u0107oj generaciji knji\u017eni\u010dno-informacijskih sustava: hibridna knji\u017enica za hibridne usluge. \/\/ 8. seminar Arhivi, knji\u017enice, muzeji: mogu\u0107nosti suradnje u okru\u017eenju globalne informacijske infrastrukture: zbornik radova \/ uredila Tinka Kati\u0107. Zagreb: Hrvatsko knji\u017eni\u010darsko dru\u0161tvo, 2005. Str. 36-67.\n\n<strong>2003.<\/strong>\n\n<em>Zajec, Jasenka; Getliher, Danijela.<\/em>\u00a0Identifikacija hrvatskih mre\u017enih serijskih publikacija. \/\/ Vjesnik bibliotekara Hrvatske 1-2, 46(2003), 90-100. Pristup:\u00a0<a href=\"http:\/\/www.hkdrustvo.hr\/datoteke\/114\/vbh\/God.46(2003),br.1-2\" rel=\"noopener\">http:\/\/www.hkdrustvo.hr\/datoteke\/114\/vbh\/God.46(2003),br.1-2<\/a>\n\n<strong>2002.<\/strong>\n\n<em>Klarin, Sofija; Paveli\u0107, Damir.<\/em>\u00a0Uporaba metapodataka u hrvatskom AKM mre\u017enom prostoru: dva istra\u017eivanja. \/\/ 5. seminar Arhivi, knji\u017enice, muzeji: mogu\u0107nosti suradnje u okru\u017eenju globalne informacijske infrastrukture: zbornik radova \/ uredile Mirna Willer i Tinka Kati\u0107. Zagreb: Hrvatsko knji\u017eni\u010darsko dru\u0161tvo, 2002. Str. 100-108.\n\n<strong>2001.<\/strong>\n\n<em>Klarin, Sofija.<\/em>\u00a0Elektroni\u010dka gra\u0111a u knji\u017enici: s primjerima zapisa daljinski dostupne elektroni\u010dke gra\u0111e u CROLIST-u \/\/ 2. i 3. seminar Arhivi, knji\u017enice, muzeji: mogu\u0107nosti suradnje u kontekstu globalne informacijske infrastrukture. Zagreb: Hrvatsko muzejsko dru\u0161tvo, 2001. Str. 159-165.\n\n<em>Klarin, Sofija; Murati, Tomislav.<\/em>\u00a0Identifikacija, odabir, obradba i osiguravanje dostupnosti mre\u017enih publikacija u kontekstu nacionalne bibliografske kontrole \/\/ 4. seminar Arhivi, knji\u017enice, muzeji: mogu\u0107nosti suradnje u kontekstu globalne informacijske infrastrukture. Zagreb: Hrvatsko knji\u017eni\u010darsko dru\u0161tvo, 2001. Str. 41-56.\n\n<em>Klarin, Sofija; Pigac, Sonja.<\/em>\u00a0Hrvatske serijske publikacije na Internetu i metapodaci. \/\/ 4. seminar Arhivi, knji\u017enice, muzeji: mogu\u0107nosti suradnje u kontekstu globalne informacijske infrastrukture. \u2013 Zagreb: Hrvatsko knji\u017eni\u010darsko dru\u0161tvo, 2001. Str. 186-191.\n\n<em>Klarin, Sofija; Pigac, Sonja; Paveli\u0107, Damir.<\/em>\u00a0Croatian remote access electronic serials: results of a survey \/\/ International Cataloguing &amp; Bibliographic Control 4, 30(2001), Str. 70-72.\n\n<em>Zajec, Jasenka.<\/em>\u00a0Elektroni\u010dka izdanja u ISSN sustavu. \/\/ Mre\u017ea 6, 7(2001), Str. 66-67.\n\n<em>Zajec, Jasenka; Pigac, Sonja.<\/em>\u00a0Processing of electronic serial resources in the Croatian National and University Library. \/\/\u00a0 IFLA Newsletter of the IFLA Section on Serial Publications 39(2001), Str. 15-16. Pristup:\u00a0<a href=\"http:\/\/www.ifla.org\/VII\/s16\/pubs\/no39.pdf\" target=\"_blank\" rel=\"noopener\">http:\/\/www.ifla.org\/VII\/s16\/pubs\/no39.pdf<\/a>\n\n<em>Zajec, Jasenka.<\/em>\u00a0Elektroni\u010dke serijske publikacije na mre\u017ei. \/\/ Medijska istra\u017eivanja 7, 1-2(2001), Str. 69-78.\n\n<strong>2000.<\/strong>\n\n<em>Klarin, Sofija; Pigac, Sonja.<\/em>\u00a0Hrvatske daljinski dostupne elektroni\u010dke serijske publikacije \/\/ Vjesnik bibliotekara Hrvatske 4, 43 (2000.[i.e. 2001.]). Str. 156-167.\n\n<!-- \/wp:post-content -->","protected":false},"excerpt":{"rendered":"<p>Bibliography comprises works created after 2000, relevant to the processing of Croatian web resources. \u00a0 2018. Pigac, Sonja; Rudomino, Ingeborg.\u00a0Serijska gra\u0111a u Hrvatskom arhivu weba s posebnim osvrtom na znanstvene i stru\u010dne \u010dasopise. \/\/ Seminar Arhivi, knji\u017enice i muzeji : mogu\u0107nosti suradnje u okru\u017eenju globalne informacijske infrastrukture 21(2018). Str. 269-287. [stru\u010dni rad] Klarin Zadravec, Sofija ; Holub, Karolina.\u00a0Upravljanje digitalnim sadr\u017eajem : mogu\u0107nosti implementacije PREMIS-a u dokumentiranju postupaka za\u0161tite. \/\/ Seminar Arhivi, knji\u017enice, muzeji : mogu\u0107nosti suradnje u okru\u017eenju globalne informacijske infrastrukture 21(2018). Str. 247-267. [pregledni rad] 2017. Holub, Karolina; Ingeborg, Rudomino.\u00a0Hrvatski arhiv weba \u2013 trinaest godina poslije. \/\/ @rhivi, 2(2017). Str. 28-29. 2016. Pigac, Sonja; Ingeborg, Rudomino.\u00a0Trajna pohrana digitalnih novina [&hellip;]<\/p>\n","protected":false},"author":2,"featured_media":0,"parent":0,"menu_order":0,"comment_status":"closed","ping_status":"closed","template":"","meta":{"_uag_custom_page_level_css":"","ngg_post_thumbnail":0,"footnotes":""},"class_list":["post-977","page","type-page","status-publish","hentry"],"uagb_featured_image_src":{"full":false,"thumbnail":false,"medium":false,"medium_large":false,"large":false,"1536x1536":false,"2048x2048":false},"uagb_author_info":{"display_name":"Filip Lon\u010dar","author_link":"https:\/\/haw.nsk.hr\/en\/author\/floncar\/"},"uagb_comment_info":0,"uagb_excerpt":"Bibliography comprises works created after 2000, relevant to the processing of Croatian web resources. \u00a0 2018. Pigac, Sonja; Rudomino, Ingeborg.\u00a0Serijska gra\u0111a u Hrvatskom arhivu weba s posebnim osvrtom na znanstvene i stru\u010dne \u010dasopise. \/\/ Seminar Arhivi, knji\u017enice i muzeji : mogu\u0107nosti suradnje u okru\u017eenju globalne informacijske infrastrukture 21(2018). Str. 269-287. [stru\u010dni rad] Klarin Zadravec, Sofija&hellip;","_links":{"self":[{"href":"https:\/\/haw.nsk.hr\/en\/wp-json\/wp\/v2\/pages\/977","targetHints":{"allow":["GET"]}}],"collection":[{"href":"https:\/\/haw.nsk.hr\/en\/wp-json\/wp\/v2\/pages"}],"about":[{"href":"https:\/\/haw.nsk.hr\/en\/wp-json\/wp\/v2\/types\/page"}],"author":[{"embeddable":true,"href":"https:\/\/haw.nsk.hr\/en\/wp-json\/wp\/v2\/users\/2"}],"replies":[{"embeddable":true,"href":"https:\/\/haw.nsk.hr\/en\/wp-json\/wp\/v2\/comments?post=977"}],"version-history":[{"count":5,"href":"https:\/\/haw.nsk.hr\/en\/wp-json\/wp\/v2\/pages\/977\/revisions"}],"predecessor-version":[{"id":1874,"href":"https:\/\/haw.nsk.hr\/en\/wp-json\/wp\/v2\/pages\/977\/revisions\/1874"}],"wp:attachment":[{"href":"https:\/\/haw.nsk.hr\/en\/wp-json\/wp\/v2\/media?parent=977"}],"curies":[{"name":"wp","href":"https:\/\/api.w.org\/{rel}","templated":true}]}}